{"id":2503,"date":"2025-05-19T13:55:44","date_gmt":"2025-05-19T11:55:44","guid":{"rendered":"https:\/\/renatakozlowska.pl\/?page_id=2503"},"modified":"2025-05-19T14:26:44","modified_gmt":"2025-05-19T12:26:44","slug":"test","status":"publish","type":"page","link":"https:\/\/renatakozlowska.pl\/en\/test\/","title":{"rendered":"TEST"},"content":{"rendered":"<p>test 2027<\/p>","protected":false},"excerpt":{"rendered":"<p>test 2027<\/p>","protected":false},"author":7,"featured_media":0,"parent":0,"menu_order":0,"comment_status":"closed","ping_status":"closed","template":"","meta":{"_uag_custom_page_level_css":"","site-sidebar-layout":"default","site-content-layout":"","ast-site-content-layout":"default","site-content-style":"default","site-sidebar-style":"default","ast-global-header-display":"","ast-banner-title-visibility":"","ast-main-header-display":"","ast-hfb-above-header-display":"","ast-hfb-below-header-display":"","ast-hfb-mobile-header-display":"","site-post-title":"","ast-breadcrumbs-content":"","ast-featured-img":"","footer-sml-layout":"","theme-transparent-header-meta":"","adv-header-id-meta":"","stick-header-meta":"","header-above-stick-meta":"","header-main-stick-meta":"","header-below-stick-meta":"","astra-migrate-meta-layouts":"set","ast-page-background-enabled":"default","ast-page-background-meta":{"desktop":{"background-color":"var(--ast-global-color-4)","background-image":"","background-repeat":"repeat","background-position":"center center","background-size":"auto","background-attachment":"scroll","background-type":"","background-media":"","overlay-type":"","overlay-color":"","overlay-opacity":"","overlay-gradient":""},"tablet":{"background-color":"","background-image":"","background-repeat":"repeat","background-position":"center center","background-size":"auto","background-attachment":"scroll","background-type":"","background-media":"","overlay-type":"","overlay-color":"","overlay-opacity":"","overlay-gradient":""},"mobile":{"background-color":"","background-image":"","background-repeat":"repeat","background-position":"center center","background-size":"auto","background-attachment":"scroll","background-type":"","background-media":"","overlay-type":"","overlay-color":"","overlay-opacity":"","overlay-gradient":""}},"ast-content-background-meta":{"desktop":{"background-color":"var(--ast-global-color-5)","background-image":"","background-repeat":"repeat","background-position":"center center","background-size":"auto","background-attachment":"scroll","background-type":"","background-media":"","overlay-type":"","overlay-color":"","overlay-opacity":"","overlay-gradient":""},"tablet":{"background-color":"var(--ast-global-color-5)","background-image":"","background-repeat":"repeat","background-position":"center center","background-size":"auto","background-attachment":"scroll","background-type":"","background-media":"","overlay-type":"","overlay-color":"","overlay-opacity":"","overlay-gradient":""},"mobile":{"background-color":"var(--ast-global-color-5)","background-image":"","background-repeat":"repeat","background-position":"center center","background-size":"auto","background-attachment":"scroll","background-type":"","background-media":"","overlay-type":"","overlay-color":"","overlay-opacity":"","overlay-gradient":""}},"footnotes":""},"class_list":["post-2503","page","type-page","status-publish","hentry"],"featured_image_url":[],"post_author":"bb_wsparcie","assigned_categories":"","yoast_head":"<!-- This site is optimized with the Yoast SEO plugin v27.4 - https:\/\/yoast.com\/product\/yoast-seo-wordpress\/ -->\n<title>TEST -<\/title>\n<meta name=\"robots\" content=\"index, follow, max-snippet:-1, max-image-preview:large, max-video-preview:-1\" \/>\n<link rel=\"canonical\" href=\"https:\/\/renatakozlowska.pl\/en\/test\/\" \/>\n<meta property=\"og:locale\" content=\"en_GB\" \/>\n<meta property=\"og:type\" content=\"article\" \/>\n<meta property=\"og:title\" content=\"TEST -\" \/>\n<meta property=\"og:description\" content=\"test 2027\" \/>\n<meta property=\"og:url\" content=\"https:\/\/renatakozlowska.pl\/en\/test\/\" \/>\n<meta property=\"article:modified_time\" content=\"2025-05-19T12:26:44+00:00\" \/>\n<meta name=\"twitter:card\" content=\"summary_large_image\" \/>\n<script type=\"application\/ld+json\" class=\"yoast-schema-graph\">{\"@context\":\"https:\\\/\\\/schema.org\",\"@graph\":[{\"@type\":\"WebPage\",\"@id\":\"https:\\\/\\\/renatakozlowska.pl\\\/test\\\/\",\"url\":\"https:\\\/\\\/renatakozlowska.pl\\\/test\\\/\",\"name\":\"TEST -\",\"isPartOf\":{\"@id\":\"https:\\\/\\\/renatakozlowska.pl\\\/#website\"},\"datePublished\":\"2025-05-19T11:55:44+00:00\",\"dateModified\":\"2025-05-19T12:26:44+00:00\",\"breadcrumb\":{\"@id\":\"https:\\\/\\\/renatakozlowska.pl\\\/test\\\/#breadcrumb\"},\"inLanguage\":\"en-GB\",\"potentialAction\":[{\"@type\":\"ReadAction\",\"target\":[\"https:\\\/\\\/renatakozlowska.pl\\\/test\\\/\"]}]},{\"@type\":\"BreadcrumbList\",\"@id\":\"https:\\\/\\\/renatakozlowska.pl\\\/test\\\/#breadcrumb\",\"itemListElement\":[{\"@type\":\"ListItem\",\"position\":1,\"name\":\"Strona g\u0142\u00f3wna\",\"item\":\"https:\\\/\\\/renatakozlowska.pl\\\/\"},{\"@type\":\"ListItem\",\"position\":2,\"name\":\"TEST\"}]},{\"@type\":\"WebSite\",\"@id\":\"https:\\\/\\\/renatakozlowska.pl\\\/#website\",\"url\":\"https:\\\/\\\/renatakozlowska.pl\\\/\",\"name\":\"bez ba\u0142aganu by Renia\",\"description\":\"Tworz\u0119 przestrze\u0144, kt\u00f3ra upraszcza \u017cycie \",\"publisher\":{\"@id\":\"https:\\\/\\\/renatakozlowska.pl\\\/#\\\/schema\\\/person\\\/1dcb9f7fc0d90da2a84df1a027a53482\"},\"potentialAction\":[{\"@type\":\"SearchAction\",\"target\":{\"@type\":\"EntryPoint\",\"urlTemplate\":\"https:\\\/\\\/renatakozlowska.pl\\\/?s={search_term_string}\"},\"query-input\":{\"@type\":\"PropertyValueSpecification\",\"valueRequired\":true,\"valueName\":\"search_term_string\"}}],\"inLanguage\":\"en-GB\"},{\"@type\":[\"Person\",\"Organization\"],\"@id\":\"https:\\\/\\\/renatakozlowska.pl\\\/#\\\/schema\\\/person\\\/1dcb9f7fc0d90da2a84df1a027a53482\",\"name\":\"Renia\",\"image\":{\"@type\":\"ImageObject\",\"inLanguage\":\"en-GB\",\"@id\":\"https:\\\/\\\/renatakozlowska.pl\\\/wp-content\\\/uploads\\\/2026\\\/03\\\/cropped-Bez_balaganu_logo_color-scaled-1.png\",\"url\":\"https:\\\/\\\/renatakozlowska.pl\\\/wp-content\\\/uploads\\\/2026\\\/03\\\/cropped-Bez_balaganu_logo_color-scaled-1.png\",\"contentUrl\":\"https:\\\/\\\/renatakozlowska.pl\\\/wp-content\\\/uploads\\\/2026\\\/03\\\/cropped-Bez_balaganu_logo_color-scaled-1.png\",\"width\":2560,\"height\":1002,\"caption\":\"Renia\"},\"logo\":{\"@id\":\"https:\\\/\\\/renatakozlowska.pl\\\/wp-content\\\/uploads\\\/2026\\\/03\\\/cropped-Bez_balaganu_logo_color-scaled-1.png\"},\"sameAs\":[\"http:\\\/\\\/renatakozlowska.pl\"]}]}<\/script>\n<!-- \/ Yoast SEO plugin. -->","yoast_head_json":{"title":"TEST -","robots":{"index":"index","follow":"follow","max-snippet":"max-snippet:-1","max-image-preview":"max-image-preview:large","max-video-preview":"max-video-preview:-1"},"canonical":"https:\/\/renatakozlowska.pl\/en\/test\/","og_locale":"en_GB","og_type":"article","og_title":"TEST -","og_description":"test 2027","og_url":"https:\/\/renatakozlowska.pl\/en\/test\/","article_modified_time":"2025-05-19T12:26:44+00:00","twitter_card":"summary_large_image","schema":{"@context":"https:\/\/schema.org","@graph":[{"@type":"WebPage","@id":"https:\/\/renatakozlowska.pl\/test\/","url":"https:\/\/renatakozlowska.pl\/test\/","name":"TEST -","isPartOf":{"@id":"https:\/\/renatakozlowska.pl\/#website"},"datePublished":"2025-05-19T11:55:44+00:00","dateModified":"2025-05-19T12:26:44+00:00","breadcrumb":{"@id":"https:\/\/renatakozlowska.pl\/test\/#breadcrumb"},"inLanguage":"en-GB","potentialAction":[{"@type":"ReadAction","target":["https:\/\/renatakozlowska.pl\/test\/"]}]},{"@type":"BreadcrumbList","@id":"https:\/\/renatakozlowska.pl\/test\/#breadcrumb","itemListElement":[{"@type":"ListItem","position":1,"name":"Strona g\u0142\u00f3wna","item":"https:\/\/renatakozlowska.pl\/"},{"@type":"ListItem","position":2,"name":"TEST"}]},{"@type":"WebSite","@id":"https:\/\/renatakozlowska.pl\/#website","url":"https:\/\/renatakozlowska.pl\/","name":"bez ba\u0142aganu by Renia","description":"Tworz\u0119 przestrze\u0144, kt\u00f3ra upraszcza \u017cycie","publisher":{"@id":"https:\/\/renatakozlowska.pl\/#\/schema\/person\/1dcb9f7fc0d90da2a84df1a027a53482"},"potentialAction":[{"@type":"SearchAction","target":{"@type":"EntryPoint","urlTemplate":"https:\/\/renatakozlowska.pl\/?s={search_term_string}"},"query-input":{"@type":"PropertyValueSpecification","valueRequired":true,"valueName":"search_term_string"}}],"inLanguage":"en-GB"},{"@type":["Person","Organization"],"@id":"https:\/\/renatakozlowska.pl\/#\/schema\/person\/1dcb9f7fc0d90da2a84df1a027a53482","name":"Renia","image":{"@type":"ImageObject","inLanguage":"en-GB","@id":"https:\/\/renatakozlowska.pl\/wp-content\/uploads\/2026\/03\/cropped-Bez_balaganu_logo_color-scaled-1.png","url":"https:\/\/renatakozlowska.pl\/wp-content\/uploads\/2026\/03\/cropped-Bez_balaganu_logo_color-scaled-1.png","contentUrl":"https:\/\/renatakozlowska.pl\/wp-content\/uploads\/2026\/03\/cropped-Bez_balaganu_logo_color-scaled-1.png","width":2560,"height":1002,"caption":"Renia"},"logo":{"@id":"https:\/\/renatakozlowska.pl\/wp-content\/uploads\/2026\/03\/cropped-Bez_balaganu_logo_color-scaled-1.png"},"sameAs":["http:\/\/renatakozlowska.pl"]}]}},"uagb_featured_image_src":{"full":false,"thumbnail":false,"medium":false,"medium_large":false,"large":false,"1536x1536":false,"2048x2048":false,"trp-custom-language-flag":false},"uagb_author_info":{"display_name":"bb_wsparcie","author_link":"https:\/\/renatakozlowska.pl\/en\/author\/bb_wsparcie\/"},"uagb_comment_info":0,"uagb_excerpt":"test 2027","_links":{"self":[{"href":"https:\/\/renatakozlowska.pl\/en\/wp-json\/wp\/v2\/pages\/2503","targetHints":{"allow":["GET"]}}],"collection":[{"href":"https:\/\/renatakozlowska.pl\/en\/wp-json\/wp\/v2\/pages"}],"about":[{"href":"https:\/\/renatakozlowska.pl\/en\/wp-json\/wp\/v2\/types\/page"}],"author":[{"embeddable":true,"href":"https:\/\/renatakozlowska.pl\/en\/wp-json\/wp\/v2\/users\/7"}],"replies":[{"embeddable":true,"href":"https:\/\/renatakozlowska.pl\/en\/wp-json\/wp\/v2\/comments?post=2503"}],"version-history":[{"count":7,"href":"https:\/\/renatakozlowska.pl\/en\/wp-json\/wp\/v2\/pages\/2503\/revisions"}],"predecessor-version":[{"id":2512,"href":"https:\/\/renatakozlowska.pl\/en\/wp-json\/wp\/v2\/pages\/2503\/revisions\/2512"}],"wp:attachment":[{"href":"https:\/\/renatakozlowska.pl\/en\/wp-json\/wp\/v2\/media?parent=2503"}],"curies":[{"name":"wp","href":"https:\/\/api.w.org\/{rel}","templated":true}]}}